{"id":34481,"date":"2021-06-03T10:13:13","date_gmt":"2021-06-03T07:13:13","guid":{"rendered":"https:\/\/thesstransferservices.gr\/unterstuetzen-sie-von-covid-19-betroffene-kleinst-und-kleinunternehmen-in-zentralmazedonien\/"},"modified":"2021-06-03T10:35:04","modified_gmt":"2021-06-03T07:35:04","slug":"unterstuetzen-sie-von-covid-19-betroffene-kleinst-und-kleinunternehmen-in-zentralmazedonien","status":"publish","type":"page","link":"https:\/\/thesstransferservices.gr\/de\/unterstuetzen-sie-von-covid-19-betroffene-kleinst-und-kleinunternehmen-in-zentralmazedonien\/","title":{"rendered":"Unterst\u00fctzen Sie von Covid-19 betroffene Kleinst- und Kleinunternehmen in Zentralmazedonien"},"content":{"rendered":"<p><a href=\"https:\/\/thesstransferservices.gr\/wp-content\/uploads\/2021\/02\/DIEXODOS-Centra-Macedonia.jpg\"><img fetchpriority=\"high\" decoding=\"async\" class=\"size-medium wp-image-33998 aligncenter\" src=\"https:\/\/thesstransferservices.gr\/wp-content\/uploads\/2021\/02\/DIEXODOS-Centra-Macedonia-300x225.jpg\" alt=\"\" width=\"300\" height=\"225\" srcset=\"https:\/\/thesstransferservices.gr\/wp-content\/uploads\/2021\/02\/DIEXODOS-Centra-Macedonia-300x225.jpg 300w, https:\/\/thesstransferservices.gr\/wp-content\/uploads\/2021\/02\/DIEXODOS-Centra-Macedonia-768x577.jpg 768w, https:\/\/thesstransferservices.gr\/wp-content\/uploads\/2021\/02\/DIEXODOS-Centra-Macedonia-407x306.jpg 407w, https:\/\/thesstransferservices.gr\/wp-content\/uploads\/2021\/02\/DIEXODOS-Centra-Macedonia-709x533.jpg 709w, https:\/\/thesstransferservices.gr\/wp-content\/uploads\/2021\/02\/DIEXODOS-Centra-Macedonia.jpg 982w\" sizes=\"(max-width: 300px) 100vw, 300px\" \/><\/a><\/p>\n<p>Das Unternehmen \u201eAgg.Ladias-Chr.Ladias gp\u201c und die Marke \u201eThess Transfer Services\u201c mit Sitz in der Region Zentralmazedonien wurde vom Europ\u00e4ischen Fonds f\u00fcr regionale Entwicklung (EFRE) der Europ\u00e4ischen Union (EU) f\u00fcr die Umsetzung von sein Projekt im Rahmen der Aktion &#8222;&#8220; Unterst\u00fctzung von von Covid-19 betroffenen Kleinst- und Kleinunternehmen in Zentralmakedonien&#8220; im Rahmen des Operationellen Programms &#8222;Zentralmazedonien&#8220; 2014-2020.<\/p>\n<p>Die Aktion zielt darauf ab, Kleinst- und Kleinunternehmen in der Region Zentralmazedonien in Form eines nicht r\u00fcckzahlbaren Zuschusses zu st\u00e4rken, um eine ausreichende Liquidit\u00e4t zur Bew\u00e4ltigung der Auswirkungen der Covid-19-Pandemie sicherzustellen.<\/p>\n<p>Das Gesamtbudget der Investition betr\u00e4gt 38.547,69 \u20ac (100 % \u00f6ffentliche Ausgaben).<br \/>\nDie Aktion wird von Griechenland und der Europ\u00e4ischen Union &#8211; Europ\u00e4ischer Fonds f\u00fcr regionale Entwicklung kofinanziert.<\/p>\n<p><img decoding=\"async\" class=\"alignnone wp-image-34523 size-medium aligncenter\" src=\"https:\/\/thesstransferservices.gr\/wp-content\/uploads\/2021\/06\/Sticker_ETPA_EN_HighRes-300x73.jpg\" alt=\"\u0395\u03a3\u03a0\u0391\" width=\"300\" height=\"73\" srcset=\"https:\/\/thesstransferservices.gr\/wp-content\/uploads\/2021\/06\/Sticker_ETPA_EN_HighRes-300x73.jpg 300w, https:\/\/thesstransferservices.gr\/wp-content\/uploads\/2021\/06\/Sticker_ETPA_EN_HighRes-768x186.jpg 768w, https:\/\/thesstransferservices.gr\/wp-content\/uploads\/2021\/06\/Sticker_ETPA_EN_HighRes-460x112.jpg 460w, https:\/\/thesstransferservices.gr\/wp-content\/uploads\/2021\/06\/Sticker_ETPA_EN_HighRes.jpg 800w\" sizes=\"(max-width: 300px) 100vw, 300px\" \/><\/p>\n","protected":false},"excerpt":{"rendered":"<p>Das Unternehmen \u201eAgg.Ladias-Chr.Ladias gp\u201c und die Marke \u201eThess Transfer Services\u201c mit Sitz in der Region Zentralmazedonien wurde vom Europ\u00e4ischen Fonds f\u00fcr regionale Entwicklung (EFRE) der Europ\u00e4ischen Union (EU) f\u00fcr die Umsetzung von sein Projekt im Rahmen der Aktion &#8222;&#8220; Unterst\u00fctzung von von Covid-19 betroffenen Kleinst- und Kleinunternehmen in Zentralmakedonien&#8220; im Rahmen des Operationellen Programms &#8222;Zentralmazedonien&#8220; [&hellip;]<\/p>\n","protected":false},"author":1,"featured_media":34501,"parent":0,"menu_order":0,"comment_status":"closed","ping_status":"closed","template":"","meta":{"site-sidebar-layout":"default","site-content-layout":"default","ast-site-content-layout":"default","site-content-style":"default","site-sidebar-style":"default","ast-global-header-display":"","ast-banner-title-visibility":"","ast-main-header-display":"","ast-hfb-above-header-display":"","ast-hfb-below-header-display":"","ast-hfb-mobile-header-display":"","site-post-title":"","ast-breadcrumbs-content":"","ast-featured-img":"","footer-sml-layout":"","ast-disable-related-posts":"","theme-transparent-header-meta":"default","adv-header-id-meta":"","stick-header-meta":"","header-above-stick-meta":"","header-main-stick-meta":"","header-below-stick-meta":"","astra-migrate-meta-layouts":"default","ast-page-background-enabled":"default","ast-page-background-meta":{"desktop":{"background-color":"","background-image":"","background-repeat":"repeat","background-position":"center center","background-size":"auto","background-attachment":"scroll","background-type":"","background-media":"","overlay-type":"","overlay-color":"","overlay-opacity":"","overlay-gradient":""},"tablet":{"background-color":"","background-image":"","background-repeat":"repeat","background-position":"center center","background-size":"auto","background-attachment":"scroll","background-type":"","background-media":"","overlay-type":"","overlay-color":"","overlay-opacity":"","overlay-gradient":""},"mobile":{"background-color":"","background-image":"","background-repeat":"repeat","background-position":"center center","background-size":"auto","background-attachment":"scroll","background-type":"","background-media":"","overlay-type":"","overlay-color":"","overlay-opacity":"","overlay-gradient":""}},"ast-content-background-meta":{"desktop":{"background-color":"var(--ast-global-color-5)","background-image":"","background-repeat":"repeat","background-position":"center center","background-size":"auto","background-attachment":"scroll","background-type":"","background-media":"","overlay-type":"","overlay-color":"","overlay-opacity":"","overlay-gradient":""},"tablet":{"background-color":"var(--ast-global-color-5)","background-image":"","background-repeat":"repeat","background-position":"center center","background-size":"auto","background-attachment":"scroll","background-type":"","background-media":"","overlay-type":"","overlay-color":"","overlay-opacity":"","overlay-gradient":""},"mobile":{"background-color":"var(--ast-global-color-5)","background-image":"","background-repeat":"repeat","background-position":"center center","background-size":"auto","background-attachment":"scroll","background-type":"","background-media":"","overlay-type":"","overlay-color":"","overlay-opacity":"","overlay-gradient":""}},"footnotes":""},"class_list":["post-34481","page","type-page","status-publish","has-post-thumbnail","hentry"],"yoast_head":"<!-- This site is optimized with the Yoast SEO plugin v27.4 - https:\/\/yoast.com\/product\/yoast-seo-wordpress\/ -->\n<title>Unterst\u00fctzen Sie von Covid-19 betroffene Kleinst- und Kleinunternehmen in Zentralmazedonien - Thess Transfer Services<\/title>\n<meta name=\"description\" content=\"Airport Thessaloniki HaIkidiki Taxi Transfer Services Book Minivan Private Driver\" \/>\n<meta name=\"robots\" content=\"index, follow, max-snippet:-1, max-image-preview:large, max-video-preview:-1\" \/>\n<link rel=\"canonical\" href=\"https:\/\/thesstransferservices.gr\/de\/unterstuetzen-sie-von-covid-19-betroffene-kleinst-und-kleinunternehmen-in-zentralmazedonien\/\" \/>\n<meta property=\"og:locale\" content=\"de_DE\" \/>\n<meta property=\"og:type\" content=\"article\" \/>\n<meta property=\"og:title\" content=\"Unterst\u00fctzen Sie von Covid-19 betroffene Kleinst- und Kleinunternehmen in Zentralmazedonien - Thess Transfer Services\" \/>\n<meta property=\"og:description\" content=\"Airport Thessaloniki HaIkidiki Taxi Transfer Services Book Minivan Private Driver\" \/>\n<meta property=\"og:url\" content=\"https:\/\/thesstransferservices.gr\/de\/unterstuetzen-sie-von-covid-19-betroffene-kleinst-und-kleinunternehmen-in-zentralmazedonien\/\" \/>\n<meta property=\"og:site_name\" content=\"Thess Transfer Services\" \/>\n<meta property=\"article:modified_time\" content=\"2021-06-03T07:35:04+00:00\" \/>\n<meta property=\"og:image\" content=\"https:\/\/thesstransferservices.gr\/wp-content\/uploads\/2021\/06\/\u0395\u03a3\u03a0\u0391-EN-\u0395\u03b9\u03ba\u03cc\u03bd\u03b1.jpg\" \/>\n\t<meta property=\"og:image:width\" content=\"2500\" \/>\n\t<meta property=\"og:image:height\" content=\"495\" \/>\n\t<meta property=\"og:image:type\" content=\"image\/jpeg\" \/>\n<meta name=\"twitter:card\" content=\"summary_large_image\" \/>\n<meta name=\"twitter:label1\" content=\"Gesch\u00e4tzte Lesezeit\" \/>\n\t<meta name=\"twitter:data1\" content=\"1\u00a0Minute\" \/>\n<script type=\"application\/ld+json\" class=\"yoast-schema-graph\">{\"@context\":\"https:\\\/\\\/schema.org\",\"@graph\":[{\"@type\":\"WebPage\",\"@id\":\"https:\\\/\\\/thesstransferservices.gr\\\/de\\\/unterstuetzen-sie-von-covid-19-betroffene-kleinst-und-kleinunternehmen-in-zentralmazedonien\\\/\",\"url\":\"https:\\\/\\\/thesstransferservices.gr\\\/de\\\/unterstuetzen-sie-von-covid-19-betroffene-kleinst-und-kleinunternehmen-in-zentralmazedonien\\\/\",\"name\":\"Unterst\u00fctzen Sie von Covid-19 betroffene Kleinst- und Kleinunternehmen in Zentralmazedonien - Thess Transfer Services\",\"isPartOf\":{\"@id\":\"https:\\\/\\\/thesstransferservices.gr\\\/de\\\/#website\"},\"primaryImageOfPage\":{\"@id\":\"https:\\\/\\\/thesstransferservices.gr\\\/de\\\/unterstuetzen-sie-von-covid-19-betroffene-kleinst-und-kleinunternehmen-in-zentralmazedonien\\\/#primaryimage\"},\"image\":{\"@id\":\"https:\\\/\\\/thesstransferservices.gr\\\/de\\\/unterstuetzen-sie-von-covid-19-betroffene-kleinst-und-kleinunternehmen-in-zentralmazedonien\\\/#primaryimage\"},\"thumbnailUrl\":\"https:\\\/\\\/thesstransferservices.gr\\\/wp-content\\\/uploads\\\/2021\\\/06\\\/\u0395\u03a3\u03a0\u0391-EN-\u0395\u03b9\u03ba\u03cc\u03bd\u03b1.jpg\",\"datePublished\":\"2021-06-03T07:13:13+00:00\",\"dateModified\":\"2021-06-03T07:35:04+00:00\",\"description\":\"Airport Thessaloniki HaIkidiki Taxi Transfer Services Book Minivan Private Driver\",\"breadcrumb\":{\"@id\":\"https:\\\/\\\/thesstransferservices.gr\\\/de\\\/unterstuetzen-sie-von-covid-19-betroffene-kleinst-und-kleinunternehmen-in-zentralmazedonien\\\/#breadcrumb\"},\"inLanguage\":\"de\",\"potentialAction\":[{\"@type\":\"ReadAction\",\"target\":[\"https:\\\/\\\/thesstransferservices.gr\\\/de\\\/unterstuetzen-sie-von-covid-19-betroffene-kleinst-und-kleinunternehmen-in-zentralmazedonien\\\/\"]}]},{\"@type\":\"ImageObject\",\"inLanguage\":\"de\",\"@id\":\"https:\\\/\\\/thesstransferservices.gr\\\/de\\\/unterstuetzen-sie-von-covid-19-betroffene-kleinst-und-kleinunternehmen-in-zentralmazedonien\\\/#primaryimage\",\"url\":\"https:\\\/\\\/thesstransferservices.gr\\\/wp-content\\\/uploads\\\/2021\\\/06\\\/\u0395\u03a3\u03a0\u0391-EN-\u0395\u03b9\u03ba\u03cc\u03bd\u03b1.jpg\",\"contentUrl\":\"https:\\\/\\\/thesstransferservices.gr\\\/wp-content\\\/uploads\\\/2021\\\/06\\\/\u0395\u03a3\u03a0\u0391-EN-\u0395\u03b9\u03ba\u03cc\u03bd\u03b1.jpg\",\"width\":2500,\"height\":495,\"caption\":\"\u0395\u03a3\u03a0\u0391\"},{\"@type\":\"BreadcrumbList\",\"@id\":\"https:\\\/\\\/thesstransferservices.gr\\\/de\\\/unterstuetzen-sie-von-covid-19-betroffene-kleinst-und-kleinunternehmen-in-zentralmazedonien\\\/#breadcrumb\",\"itemListElement\":[{\"@type\":\"ListItem\",\"position\":1,\"name\":\"Home\",\"item\":\"https:\\\/\\\/thesstransferservices.gr\\\/de\\\/home\\\/\"},{\"@type\":\"ListItem\",\"position\":2,\"name\":\"Unterst\u00fctzen Sie von Covid-19 betroffene Kleinst- und Kleinunternehmen in Zentralmazedonien\"}]},{\"@type\":\"WebSite\",\"@id\":\"https:\\\/\\\/thesstransferservices.gr\\\/de\\\/#website\",\"url\":\"https:\\\/\\\/thesstransferservices.gr\\\/de\\\/\",\"name\":\"Thess Transfer Services\",\"description\":\"Transfer Services\",\"publisher\":{\"@id\":\"https:\\\/\\\/thesstransferservices.gr\\\/de\\\/#organization\"},\"potentialAction\":[{\"@type\":\"SearchAction\",\"target\":{\"@type\":\"EntryPoint\",\"urlTemplate\":\"https:\\\/\\\/thesstransferservices.gr\\\/de\\\/?s={search_term_string}\"},\"query-input\":{\"@type\":\"PropertyValueSpecification\",\"valueRequired\":true,\"valueName\":\"search_term_string\"}}],\"inLanguage\":\"de\"},{\"@type\":\"Organization\",\"@id\":\"https:\\\/\\\/thesstransferservices.gr\\\/de\\\/#organization\",\"name\":\"Thessaloniki Transfer Services\",\"url\":\"https:\\\/\\\/thesstransferservices.gr\\\/de\\\/\",\"logo\":{\"@type\":\"ImageObject\",\"inLanguage\":\"de\",\"@id\":\"https:\\\/\\\/thesstransferservices.gr\\\/de\\\/#\\\/schema\\\/logo\\\/image\\\/\",\"url\":\"https:\\\/\\\/thesstransferservices.gr\\\/wp-content\\\/uploads\\\/2019\\\/05\\\/TTS-\u039b\u03bf\u03b3\u03cc\u03c4\u03c5\u03c0\u03bf-Thessaloniki-Transfer-ServicesB.png\",\"contentUrl\":\"https:\\\/\\\/thesstransferservices.gr\\\/wp-content\\\/uploads\\\/2019\\\/05\\\/TTS-\u039b\u03bf\u03b3\u03cc\u03c4\u03c5\u03c0\u03bf-Thessaloniki-Transfer-ServicesB.png\",\"width\":1000,\"height\":1000,\"caption\":\"Thessaloniki Transfer Services\"},\"image\":{\"@id\":\"https:\\\/\\\/thesstransferservices.gr\\\/de\\\/#\\\/schema\\\/logo\\\/image\\\/\"},\"sameAs\":[\"https:\\\/\\\/www.instagram.com\\\/thesstransferservices\\\/\"]}]}<\/script>\n<!-- \/ Yoast SEO plugin. -->","yoast_head_json":{"title":"Unterst\u00fctzen Sie von Covid-19 betroffene Kleinst- und Kleinunternehmen in Zentralmazedonien - Thess Transfer Services","description":"Airport Thessaloniki HaIkidiki Taxi Transfer Services Book Minivan Private Driver","robots":{"index":"index","follow":"follow","max-snippet":"max-snippet:-1","max-image-preview":"max-image-preview:large","max-video-preview":"max-video-preview:-1"},"canonical":"https:\/\/thesstransferservices.gr\/de\/unterstuetzen-sie-von-covid-19-betroffene-kleinst-und-kleinunternehmen-in-zentralmazedonien\/","og_locale":"de_DE","og_type":"article","og_title":"Unterst\u00fctzen Sie von Covid-19 betroffene Kleinst- und Kleinunternehmen in Zentralmazedonien - Thess Transfer Services","og_description":"Airport Thessaloniki HaIkidiki Taxi Transfer Services Book Minivan Private Driver","og_url":"https:\/\/thesstransferservices.gr\/de\/unterstuetzen-sie-von-covid-19-betroffene-kleinst-und-kleinunternehmen-in-zentralmazedonien\/","og_site_name":"Thess Transfer Services","article_modified_time":"2021-06-03T07:35:04+00:00","og_image":[{"width":2500,"height":495,"url":"https:\/\/thesstransferservices.gr\/wp-content\/uploads\/2021\/06\/\u0395\u03a3\u03a0\u0391-EN-\u0395\u03b9\u03ba\u03cc\u03bd\u03b1.jpg","type":"image\/jpeg"}],"twitter_card":"summary_large_image","twitter_misc":{"Gesch\u00e4tzte Lesezeit":"1\u00a0Minute"},"schema":{"@context":"https:\/\/schema.org","@graph":[{"@type":"WebPage","@id":"https:\/\/thesstransferservices.gr\/de\/unterstuetzen-sie-von-covid-19-betroffene-kleinst-und-kleinunternehmen-in-zentralmazedonien\/","url":"https:\/\/thesstransferservices.gr\/de\/unterstuetzen-sie-von-covid-19-betroffene-kleinst-und-kleinunternehmen-in-zentralmazedonien\/","name":"Unterst\u00fctzen Sie von Covid-19 betroffene Kleinst- und Kleinunternehmen in Zentralmazedonien - Thess Transfer Services","isPartOf":{"@id":"https:\/\/thesstransferservices.gr\/de\/#website"},"primaryImageOfPage":{"@id":"https:\/\/thesstransferservices.gr\/de\/unterstuetzen-sie-von-covid-19-betroffene-kleinst-und-kleinunternehmen-in-zentralmazedonien\/#primaryimage"},"image":{"@id":"https:\/\/thesstransferservices.gr\/de\/unterstuetzen-sie-von-covid-19-betroffene-kleinst-und-kleinunternehmen-in-zentralmazedonien\/#primaryimage"},"thumbnailUrl":"https:\/\/thesstransferservices.gr\/wp-content\/uploads\/2021\/06\/\u0395\u03a3\u03a0\u0391-EN-\u0395\u03b9\u03ba\u03cc\u03bd\u03b1.jpg","datePublished":"2021-06-03T07:13:13+00:00","dateModified":"2021-06-03T07:35:04+00:00","description":"Airport Thessaloniki HaIkidiki Taxi Transfer Services Book Minivan Private Driver","breadcrumb":{"@id":"https:\/\/thesstransferservices.gr\/de\/unterstuetzen-sie-von-covid-19-betroffene-kleinst-und-kleinunternehmen-in-zentralmazedonien\/#breadcrumb"},"inLanguage":"de","potentialAction":[{"@type":"ReadAction","target":["https:\/\/thesstransferservices.gr\/de\/unterstuetzen-sie-von-covid-19-betroffene-kleinst-und-kleinunternehmen-in-zentralmazedonien\/"]}]},{"@type":"ImageObject","inLanguage":"de","@id":"https:\/\/thesstransferservices.gr\/de\/unterstuetzen-sie-von-covid-19-betroffene-kleinst-und-kleinunternehmen-in-zentralmazedonien\/#primaryimage","url":"https:\/\/thesstransferservices.gr\/wp-content\/uploads\/2021\/06\/\u0395\u03a3\u03a0\u0391-EN-\u0395\u03b9\u03ba\u03cc\u03bd\u03b1.jpg","contentUrl":"https:\/\/thesstransferservices.gr\/wp-content\/uploads\/2021\/06\/\u0395\u03a3\u03a0\u0391-EN-\u0395\u03b9\u03ba\u03cc\u03bd\u03b1.jpg","width":2500,"height":495,"caption":"\u0395\u03a3\u03a0\u0391"},{"@type":"BreadcrumbList","@id":"https:\/\/thesstransferservices.gr\/de\/unterstuetzen-sie-von-covid-19-betroffene-kleinst-und-kleinunternehmen-in-zentralmazedonien\/#breadcrumb","itemListElement":[{"@type":"ListItem","position":1,"name":"Home","item":"https:\/\/thesstransferservices.gr\/de\/home\/"},{"@type":"ListItem","position":2,"name":"Unterst\u00fctzen Sie von Covid-19 betroffene Kleinst- und Kleinunternehmen in Zentralmazedonien"}]},{"@type":"WebSite","@id":"https:\/\/thesstransferservices.gr\/de\/#website","url":"https:\/\/thesstransferservices.gr\/de\/","name":"Thess Transfer Services","description":"Transfer Services","publisher":{"@id":"https:\/\/thesstransferservices.gr\/de\/#organization"},"potentialAction":[{"@type":"SearchAction","target":{"@type":"EntryPoint","urlTemplate":"https:\/\/thesstransferservices.gr\/de\/?s={search_term_string}"},"query-input":{"@type":"PropertyValueSpecification","valueRequired":true,"valueName":"search_term_string"}}],"inLanguage":"de"},{"@type":"Organization","@id":"https:\/\/thesstransferservices.gr\/de\/#organization","name":"Thessaloniki Transfer Services","url":"https:\/\/thesstransferservices.gr\/de\/","logo":{"@type":"ImageObject","inLanguage":"de","@id":"https:\/\/thesstransferservices.gr\/de\/#\/schema\/logo\/image\/","url":"https:\/\/thesstransferservices.gr\/wp-content\/uploads\/2019\/05\/TTS-\u039b\u03bf\u03b3\u03cc\u03c4\u03c5\u03c0\u03bf-Thessaloniki-Transfer-ServicesB.png","contentUrl":"https:\/\/thesstransferservices.gr\/wp-content\/uploads\/2019\/05\/TTS-\u039b\u03bf\u03b3\u03cc\u03c4\u03c5\u03c0\u03bf-Thessaloniki-Transfer-ServicesB.png","width":1000,"height":1000,"caption":"Thessaloniki Transfer Services"},"image":{"@id":"https:\/\/thesstransferservices.gr\/de\/#\/schema\/logo\/image\/"},"sameAs":["https:\/\/www.instagram.com\/thesstransferservices\/"]}]}},"_links":{"self":[{"href":"https:\/\/thesstransferservices.gr\/de\/wp-json\/wp\/v2\/pages\/34481","targetHints":{"allow":["GET"]}}],"collection":[{"href":"https:\/\/thesstransferservices.gr\/de\/wp-json\/wp\/v2\/pages"}],"about":[{"href":"https:\/\/thesstransferservices.gr\/de\/wp-json\/wp\/v2\/types\/page"}],"author":[{"embeddable":true,"href":"https:\/\/thesstransferservices.gr\/de\/wp-json\/wp\/v2\/users\/1"}],"replies":[{"embeddable":true,"href":"https:\/\/thesstransferservices.gr\/de\/wp-json\/wp\/v2\/comments?post=34481"}],"version-history":[{"count":0,"href":"https:\/\/thesstransferservices.gr\/de\/wp-json\/wp\/v2\/pages\/34481\/revisions"}],"wp:featuredmedia":[{"embeddable":true,"href":"https:\/\/thesstransferservices.gr\/de\/wp-json\/wp\/v2\/media\/34501"}],"wp:attachment":[{"href":"https:\/\/thesstransferservices.gr\/de\/wp-json\/wp\/v2\/media?parent=34481"}],"curies":[{"name":"wp","href":"https:\/\/api.w.org\/{rel}","templated":true}]}}